{"id":1630,"date":"2024-05-21T15:55:45","date_gmt":"2024-05-21T18:55:45","guid":{"rendered":"https:\/\/duastorresseguros.com.br\/?page_id=1630"},"modified":"2024-05-21T16:19:09","modified_gmt":"2024-05-21T19:19:09","slug":"politica-de-privacidade","status":"publish","type":"page","link":"https:\/\/duastorresseguros.com.br\/index.php\/politica-de-privacidade\/","title":{"rendered":"Pol\u00edtica de Privacidade"},"content":{"rendered":"\t\t<div data-elementor-type=\"wp-page\" data-elementor-id=\"1630\" class=\"elementor elementor-1630\" data-elementor-post-type=\"page\">\n\t\t\t\t\t\t<section class=\"elementor-section elementor-top-section elementor-element elementor-element-b760f70 elementor-section-boxed elementor-section-height-default elementor-section-height-default\" data-id=\"b760f70\" data-element_type=\"section\" data-settings=\"{&quot;background_background&quot;:&quot;classic&quot;}\">\n\t\t\t\t\t\t\t<div class=\"elementor-background-overlay\"><\/div>\n\t\t\t\t\t\t\t<div class=\"elementor-container elementor-column-gap-default\">\n\t\t\t\t\t<div class=\"elementor-column elementor-col-100 elementor-top-column elementor-element elementor-element-a12343a\" data-id=\"a12343a\" data-element_type=\"column\">\n\t\t\t<div class=\"elementor-widget-wrap elementor-element-populated\">\n\t\t\t\t\t\t\t<\/div>\n\t\t<\/div>\n\t\t\t\t\t<\/div>\n\t\t<\/section>\n\t\t\t\t<section class=\"elementor-section elementor-top-section elementor-element elementor-element-620dfa88 elementor-section-content-middle elementor-section-boxed elementor-section-height-default elementor-section-height-default\" data-id=\"620dfa88\" data-element_type=\"section\" data-settings=\"{&quot;background_background&quot;:&quot;classic&quot;}\">\n\t\t\t\t\t\t<div class=\"elementor-container elementor-column-gap-default\">\n\t\t\t\t\t<div class=\"elementor-column elementor-col-100 elementor-top-column elementor-element elementor-element-43cf2c67 elementor-invisible\" data-id=\"43cf2c67\" data-element_type=\"column\" data-settings=\"{&quot;animation&quot;:&quot;fadeInLeft&quot;}\">\n\t\t\t<div class=\"elementor-widget-wrap elementor-element-populated\">\n\t\t\t\t\t\t<div class=\"elementor-element elementor-element-7cd24e7d elementor-invisible elementor-widget elementor-widget-text-editor\" data-id=\"7cd24e7d\" data-element_type=\"widget\" data-settings=\"{&quot;_animation&quot;:&quot;fadeInUp&quot;}\" data-widget_type=\"text-editor.default\">\n\t\t\t\t<div class=\"elementor-widget-container\">\n\t\t\t\t\t\t\t\t\t<p>Esta pol\u00edtica de privacidade estabelece como a Duas Torres Consultoria e Corretora de Seguros acessa, coleta, classifica, utiliza, armazena e arquiva, dados de seus clientes, como nome, cidade e Estado, protegendo essas informa\u00e7\u00f5es, respeitando os termos da Lei n\u00ba 13.709\/2018 (LGPD).<br \/><br \/>A Duas Torres Consultoria e Corretora de Seguros nada mais \u00e9 do que a controladora dos dados que coleta de seus clientes, sendo uma empresa que se compromete a garantir que a privacidade dos dados de seus clientes seja protegida de acordo com a recente mudan\u00e7a na legisla\u00e7\u00e3o associada \u00e0 Lei Geral de Prote\u00e7\u00e3o de Dados Pessoais, que assegura, efetivamente, a inviolabilidade dos dados pessoais de seus clientes.<br \/><br \/>Os clientes dessa empresa dever\u00e3o fornecer informa\u00e7\u00f5es, como nome, e-mail, prefer\u00eancias\/interesses de consumo, cidade e Estado, dados estes que poder\u00e3o identific\u00e1-los ao usarem esse site, sendo garantido pela Duas Torres Consultoria e Corretora de Seguros que tais informa\u00e7\u00f5es s\u00f3 ser\u00e3o usadas de acordo com esta declara\u00e7\u00e3o de privacidade, para a finalidade de comunica\u00e7\u00e3o promocional, institucional e t\u00e9cnica, expressamente autorizada, nessa oportunidade, por seus clientes, de acordo com a exig\u00eancia da LGPD. Caso a finalidade, previamente autorizada, para uso dos dados de seus clientes mude esta empresa se compromete a informar aos seus clientes sobre as mudan\u00e7as de finalidade, para, ent\u00e3o, obter uma nova autoriza\u00e7\u00e3o para o novo fim espec\u00edfico, em respeito ao disposto no artigo 9\u00ba, \u00a72\u00ba, da LGPD.<br \/><br \/>Os clientes que acessarem esse site, est\u00e3o cientes e concordam que esta pol\u00edtica de privacidade poder\u00e1 ser alterada, de tempos em tempos, a fim de adequa\u00e7\u00e3o ao exigido pela nova legisla\u00e7\u00e3o e, ocasionalmente, concordam em verificar essa p\u00e1gina, para garantir que estejam satisfeitos com seu conte\u00fado e dados disponibilizados a esta empresa.<br \/><br \/>1. O que a Duas Torres Consultoria e Corretora de Seguros coleta:<br \/>N\u00f3s podemos coletar as seguintes informa\u00e7\u00f5es de nossos clientes:<br \/><br \/>\u2022 Nome;<br \/>\u2022 Informa\u00e7\u00f5es de contato (telefone), incluindo o endere\u00e7o de e-mail, telefone;<br \/>\u2022 Informa\u00e7\u00f5es demogr\u00e1ficas, como cidade, Estado e c\u00f3digo postal (CEP);<br \/>\u2022 Informa\u00e7\u00f5es sobre prefer\u00eancias e interesses, incluindo segmento de mercado de interesse dos nossos clientes.<br \/><br \/>Para tanto, pedimos a autoriza\u00e7\u00e3o expressa de nossos clientes para entrarmos em contato.<br \/><br \/>2. O que a Duas Torres Consultoria e Corretora de Seguros far\u00e1 com esses dados:<br \/>Se o cliente nos der autoriza\u00e7\u00e3o, usaremos o e-mail dele para comunicar itens que consideramos ser de seu interesse, incluindo informa\u00e7\u00f5es sobre nossos servi\u00e7os e\/ou produtos. Caso o cliente n\u00e3o deseje mais receber essas comunica\u00e7\u00f5es, ter\u00e1 a oportunidade de se descadastrar, clicando no link de cancelamento de sua inscri\u00e7\u00e3o na parte inferior de cada e-mail. A Duas Torres Consultoria e Corretora de Seguros precisa dessas informa\u00e7\u00f5es para entender as necessidades de seus clientes e fornecer-lhes um melhor servi\u00e7o e, em particular, pelas seguintes raz\u00f5es:<br \/><br \/>\u2022 Manuten\u00e7\u00e3o de registro interno;<br \/>\u2022 Uso das informa\u00e7\u00f5es para melhorar nossos produtos e servi\u00e7os;<br \/>\u2022 Envio peri\u00f3dico de e-mails promocionais sobre novos produtos, ofertas especiais ou outras informa\u00e7\u00f5es que n\u00f3s consideramos que o cliente possa achar interessante, usando o endere\u00e7o de e-mail que o cliente nos fornecer.<\/p><p>De tempos em tempos, tamb\u00e9m, poderemos usar as informa\u00e7\u00f5es, previamente autorizadas, de nossos clientes, para contat\u00e1-los, para fim de realiza\u00e7\u00e3o de pesquisa de mercado, mediante contato por e-mail, telefone, fax ou correio, tudo com o intuito de usar esses dados para personalizar o site de acordo com os interesses dos clientes e para melhor atend\u00ea-los, o que desde j\u00e1 fica expressamente autorizado por pelos clientes que aceitarem os termos desta Pol\u00edtica de Privacidade.<\/p><p>3. A Duas Torres Consultoria e Corretora de Seguros se preocupa com a seguran\u00e7a e privacidade de dados de seus clientes:<\/p><p>Estamos empenhados em garantir que as informa\u00e7\u00f5es de nossos clientes estejam seguras, a fim de evitar o acesso n\u00e3o autorizado ou sua divulga\u00e7\u00e3o. Para isso iremos colocar em pr\u00e1tica procedimentos f\u00edsicos, eletr\u00f4nicos e administrativos adequados para salvaguardar e proteger as informa\u00e7\u00f5es que coletamos online.<br \/><br \/>3.1. O uso de cookies:<br \/>O que \u00e9 um cookie? Um cookie \u00e9 um pequeno arquivo de texto n\u00e3o execut\u00e1vel que \u00e9 colocado no computador de nossos clientes quando navegam em um site.<\/p><p>Nosso site usa dois tipos de cookies: um cookie de sess\u00e3o de primeira parte, que ret\u00e9m informa\u00e7\u00f5es durante a visita de nossos clientes, por exemplo, se o cliente estiver preenchendo mais de um formul\u00e1rio, s\u00f3 precisar\u00e1 fornecer suas informa\u00e7\u00f5es uma vez; e um \u201ccookie persistente\u201d que permanece no computador de nossos clientes ap\u00f3s a sua visita e nos ajudam a monitorar as partes do site que os clientes visitam, para que possamos continuar a melhorar o nosso site de acordo com suas prefer\u00eancias.<\/p><p>Nossos cookies n\u00e3o possuem nenhuma informa\u00e7\u00e3o pessoal ou confidencial sobre nossos clientes. A maioria dos navegadores est\u00e1 configurada para aceitar cookies automaticamente, mas desde que assim autorizados pelo cliente.<\/p><p>Usamos cookies de log de tr\u00e1fego para identificar quais p\u00e1ginas est\u00e3o sendo usadas. Isso nos ajuda a analisar dados sobre o tr\u00e1fego de p\u00e1ginas da web e melhorar o nosso site, a fim de adequ\u00e1-lo \u00e0s necessidades dos nossos clientes. N\u00f3s usamos apenas esta informa\u00e7\u00e3o para fins de an\u00e1lise estat\u00edstica e, em seguida, os dados s\u00e3o removidos do sistema.<\/p><p>Em geral, os cookies ajudam-nos a fornecer aos nossos clientes um site melhor, ao nos permitir monitorizar as p\u00e1ginas que o cliente achou \u00fateis e quais n\u00e3o. Um cookie de forma alguma nos dar\u00e1 acesso ao computador ou a qualquer informa\u00e7\u00e3o sobre os nossos clientes, al\u00e9m dos dados que forem escolhidos por cada um dos nossos clientes, para serem compartilhados conosco.<\/p><p>Nesse particular, nossos clientes poder\u00e3o optar por aceitar ou recusar cookies. Como a maioria dos navegadores web aceita cookies automaticamente, indicamos que caso n\u00e3o seja essa a inten\u00e7\u00e3o de nossos clientes, estes dever\u00e3o modificar essa configura\u00e7\u00e3o de seus navegadores, para recusarem cookies, se assim preferirem, entretanto isso poder\u00e1 impedi-los de aproveitar ao m\u00e1ximo nosso site.<br \/><br \/>4. Exist\u00eancia de links de direcionamento para outros sites:<br \/><br \/>A Duas Torres Consultoria e Corretora de Seguros informa que seu site cont\u00e9m links para outros websites e que n\u00e3o ser\u00e1 respons\u00e1vel pelas pr\u00e1ticas de privacidade ou pelo conte\u00fado desses outros sites. Todo o dom\u00ednio, que a Duas Torres Consultoria e Corretora de Seguros usa para sua pr\u00f3pria an\u00e1lise de clientes, n\u00e3o poder\u00e1 rastrear a atividade de navega\u00e7\u00e3o nesses outros sites.<br \/>Assim, aconselhamos nossos clientes a verificarem as declara\u00e7\u00f5es de pol\u00edtica de privacidade desses outros sites para as entenderem, sendo responsabilidade, \u00fanica e exclusiva, do usu\u00e1rio manter suas informa\u00e7\u00f5es pessoais privadas e confidenciais.<br \/><br \/>5. Direitos resguardados aos clientes da Duas Torres Consultoria e Corretora de Seguros, conforme a nova lei de prote\u00e7\u00e3o de dados:<\/p><p>\u2022 Retifica\u00e7\u00e3o ou elimina\u00e7\u00e3o de dados pessoais;<br \/>\u2022 Restri\u00e7\u00e3o do processamento;<br \/>\u2022 O direito \u00e0 portabilidade de dados;<br \/>\u2022 O direito de objetar.<\/p><p>Nossos clientes podem optar por restringir a coleta ou uso de suas informa\u00e7\u00f5es pessoais das seguintes maneiras:<br \/><br \/>1- Sempre que forem convidados a preencher um formul\u00e1rio no site, procurem a caixa em que se pode clicar para indicar que n\u00e3o quer que seus dados sejam salvos em nossa newsletter; ou,<\/p><p>2- Se concordarem em usar suas informa\u00e7\u00f5es pessoais para fins de marketing direto, poder\u00e3o mudar de opini\u00e3o a qualquer momento, escrevendo ou enviando um e-mail para contato@duastorresseguros.com.br<br \/><br \/>A Duas Torres Consultoria e Corretora de Seguros n\u00e3o ir\u00e1 vender, distribuir ou alugar as informa\u00e7\u00f5es pessoais dos clientes a terceiros, a menos que tenhamos a permiss\u00e3o para tanto ou sejamos obrigados por lei a faz\u00ea-lo. No entanto, nossos clientes autorizam, com o aceite dessa pol\u00edtica de privacidade, que possamos usar as informa\u00e7\u00f5es pessoais obtidas para enviar-lhes informa\u00e7\u00f5es promocionais sobre terceiros que n\u00f3s pensamos que seja interessante.<\/p><p>Nossos clientes poder\u00e3o solicitar detalhes de informa\u00e7\u00f5es pessoais que mantemos e caso desejem c\u00f3pia do que contemos sobre si, dever\u00e3o escrever para o nosso endere\u00e7o eletr\u00f4nico (contato@duastorresseguros.com.br), solicitando-as, o que ser\u00e1 feito pela Duas Torres Consultoria e Corretora de Seguros, no prazo de at\u00e9 48 (quarenta e oito) horas. A disponibiliza\u00e7\u00e3o de acesso a esses dados ser\u00e1 gratuita, em obedi\u00eancia ao imposto pela LGPD, e caso haja necessidade de retifica\u00e7\u00e3o desses dados, nossos clientes nos sinalizar\u00e3o, vez que nossa inten\u00e7\u00e3o \u00e9 corrigir tudo o mais rapidamente poss\u00edvel, qualquer informa\u00e7\u00e3o considerada incorreta.<\/p>\t\t\t\t\t\t\t\t<\/div>\n\t\t\t\t<\/div>\n\t\t\t\t\t<\/div>\n\t\t<\/div>\n\t\t\t\t\t<\/div>\n\t\t<\/section>\n\t\t\t\t<\/div>\n\t\t","protected":false},"excerpt":{"rendered":"<p>Esta pol\u00edtica de privacidade estabelece como a Duas Torres Consultoria e Corretora de Seguros acessa, coleta, classifica, utiliza, armazena e arquiva, dados de seus clientes, como nome, cidade e Estado, protegendo essas informa\u00e7\u00f5es, respeitando os termos da Lei n\u00ba 13.709\/2018 (LGPD). A Duas Torres Consultoria e Corretora de Seguros nada mais \u00e9 do que a [&hellip;]<\/p>\n","protected":false},"author":1,"featured_media":0,"parent":0,"menu_order":0,"comment_status":"closed","ping_status":"closed","template":"elementor_header_footer","meta":{"_joinchat":[],"footnotes":""},"class_list":["post-1630","page","type-page","status-publish","hentry"],"_links":{"self":[{"href":"https:\/\/duastorresseguros.com.br\/index.php\/wp-json\/wp\/v2\/pages\/1630","targetHints":{"allow":["GET"]}}],"collection":[{"href":"https:\/\/duastorresseguros.com.br\/index.php\/wp-json\/wp\/v2\/pages"}],"about":[{"href":"https:\/\/duastorresseguros.com.br\/index.php\/wp-json\/wp\/v2\/types\/page"}],"author":[{"embeddable":true,"href":"https:\/\/duastorresseguros.com.br\/index.php\/wp-json\/wp\/v2\/users\/1"}],"replies":[{"embeddable":true,"href":"https:\/\/duastorresseguros.com.br\/index.php\/wp-json\/wp\/v2\/comments?post=1630"}],"version-history":[{"count":14,"href":"https:\/\/duastorresseguros.com.br\/index.php\/wp-json\/wp\/v2\/pages\/1630\/revisions"}],"predecessor-version":[{"id":1649,"href":"https:\/\/duastorresseguros.com.br\/index.php\/wp-json\/wp\/v2\/pages\/1630\/revisions\/1649"}],"wp:attachment":[{"href":"https:\/\/duastorresseguros.com.br\/index.php\/wp-json\/wp\/v2\/media?parent=1630"}],"curies":[{"name":"wp","href":"https:\/\/api.w.org\/{rel}","templated":true}]}}